{"id":34,"date":"2017-01-20T16:51:14","date_gmt":"2017-01-20T15:51:14","guid":{"rendered":"http:\/\/www.regionalrock.ch\/?page_id=34"},"modified":"2025-10-17T14:57:32","modified_gmt":"2025-10-17T12:57:32","slug":"34-2","status":"publish","type":"page","link":"https:\/\/www.regionalrock.ch\/index.php\/34-2\/","title":{"rendered":"Liens"},"content":{"rendered":"<div>\n<p class=\"bodytext\"><strong>Nos partenaires et sponsors:<\/strong><\/p>\n<p class=\"bodytext\"><a href=\"http:\/\/www.fasl.ch\/\" target=\"_blank\" rel=\"noopener noreferrer\">FASL<\/a> : Fondation pour l&rsquo;Animation Socioculturelle Lausannoise<\/p>\n<p class=\"bodytext\"><a href=\"http:\/\/www.megasound.ch\/\" target=\"_blank\" rel=\"noopener noreferrer\">Megasound Sonorisation<\/a> : notre sonorisateur depuis la 1\u00e8re \u00e9dition!<\/p>\n<p class=\"bodytext\"><a href=\"https:\/\/www.fetemusiquelausanne.ch\/\">F\u00eate la Musique<\/a> de Lausanne<\/p>\n<\/div>\n<p class=\"bodytext\">\n","protected":false},"excerpt":{"rendered":"<p>Nos partenaires et sponsors: FASL : Fondation pour l&rsquo;Animation Socioculturelle Lausannoise Megasound Sonorisation : notre sonorisateur depuis la 1\u00e8re \u00e9dition! F\u00eate la Musique de Lausanne<\/p>\n","protected":false},"author":1,"featured_media":0,"parent":0,"menu_order":0,"comment_status":"closed","ping_status":"closed","template":"","meta":{"jetpack_post_was_ever_published":false,"footnotes":""},"class_list":["post-34","page","type-page","status-publish","hentry"],"jetpack_sharing_enabled":true,"jetpack_shortlink":"https:\/\/wp.me\/P8H9R3-y","_links":{"self":[{"href":"https:\/\/www.regionalrock.ch\/index.php\/wp-json\/wp\/v2\/pages\/34","targetHints":{"allow":["GET"]}}],"collection":[{"href":"https:\/\/www.regionalrock.ch\/index.php\/wp-json\/wp\/v2\/pages"}],"about":[{"href":"https:\/\/www.regionalrock.ch\/index.php\/wp-json\/wp\/v2\/types\/page"}],"author":[{"embeddable":true,"href":"https:\/\/www.regionalrock.ch\/index.php\/wp-json\/wp\/v2\/users\/1"}],"replies":[{"embeddable":true,"href":"https:\/\/www.regionalrock.ch\/index.php\/wp-json\/wp\/v2\/comments?post=34"}],"version-history":[{"count":6,"href":"https:\/\/www.regionalrock.ch\/index.php\/wp-json\/wp\/v2\/pages\/34\/revisions"}],"predecessor-version":[{"id":983,"href":"https:\/\/www.regionalrock.ch\/index.php\/wp-json\/wp\/v2\/pages\/34\/revisions\/983"}],"wp:attachment":[{"href":"https:\/\/www.regionalrock.ch\/index.php\/wp-json\/wp\/v2\/media?parent=34"}],"curies":[{"name":"wp","href":"https:\/\/api.w.org\/{rel}","templated":true}]}}