{"id":24,"date":"2017-01-20T16:48:23","date_gmt":"2017-01-20T15:48:23","guid":{"rendered":"http:\/\/www.regionalrock.ch\/?page_id=24"},"modified":"2025-10-17T15:04:29","modified_gmt":"2025-10-17T13:04:29","slug":"programmation-depuis-1981","status":"publish","type":"page","link":"https:\/\/www.regionalrock.ch\/index.php\/programmation-2024\/programmation-depuis-1981\/","title":{"rendered":"Depuis 1981"},"content":{"rendered":"\n<p class=\"csc-header csc-header-n1\"><span style=\"font-family: comic sans ms,sans-serif; color: #ffffff;\"><strong>Tous <\/strong><\/span><\/p>\n\n\n\n<p>Tous les groupes<\/p>\n\n\n\n<figure class=\"wp-block-table is-style-stripes\"><table><tbody><tr><td>2024<\/td><td>Amel<\/td><td>M\u00e9t\u00e9ore<\/td><td>Collectif 90k<\/td><\/tr><tr><td><\/td><td>Tomorrow&rsquo;s Ghost<\/td><td>Hypsign<\/td><td>Don&rsquo;t Kill the cow<\/td><\/tr><tr><td>2023<\/td><td>Big Garden<\/td><td>Nuum<\/td><td>Karnoze<\/td><\/tr><tr><td><\/td><td>Katavia<\/td><td>Sandokai<\/td><td>Gab Scraper<\/td><\/tr><tr><td>2022<\/td><td>Archilo<\/td><td>Peacbones<\/td><td>The Dead Leaves<\/td><\/tr><tr><td><\/td><td>Midnight One<br><\/td><td>Licking Rainbows<\/td><td>Parsimony<\/td><\/tr><tr><td>2021<\/td><td>Marie Jay Trio<\/td><td>Reverse Moutain<\/td><td>Sinai Planum<\/td><\/tr><tr><td><\/td><td>L\u00ebon<\/td><td>Syrius<\/td><td>Karnoze<\/td><\/tr><tr><td>2020<\/td><td><em>Ann\u00e9e COVID<\/em><\/td><td><em>Festival annul\u00e9<\/em><\/td><td><em>On est v\u00e9n\u00e8re!<\/em><\/td><\/tr><tr><td>2019<\/td><td>Shelter Underground<\/td><td>Aleph Zero<\/td><td>Kairos<\/td><\/tr><tr><td><\/td><td>Raki<\/td><td>Chozo<\/td><td>The Crux Sledge<\/td><\/tr><tr><td>2018<\/td><td>Mary Jay<\/td><td>Broken Bridge<\/td><td>Winter&rsquo;s Sky<\/td><\/tr><tr><td><br><\/td><td>French Kiss<\/td><td>Worthy Beast<\/td><td>Amerzone<\/td><\/tr><tr><td>2017<\/td><td>M.N.A<\/td><td>Divergency<\/td><td>Stone Eyes<\/td><\/tr><tr><td><br><\/td><td>Tch\u00e4mi Sole One Man Band<\/td><td>Nathalie Froehlich<\/td><td>Slimy Slugs<\/td><\/tr><tr><td>2016<\/td><td>Dark Whispers<\/td><td>Slow Fixes<\/td><td>Energize Wetabend<\/td><\/tr><tr><td><\/td><td>Flyinf Walrus<\/td><td>Peace is just a break<\/td><td>Way of changes<\/td><\/tr><tr><td>2015<\/td><td>Blue Stain<\/td><td>Airquake<\/td><td>Rosemary<\/td><\/tr><tr><td><\/td><td>Critical Theory<\/td><td>Unholy Pagoda<\/td><td>Kurtains<\/td><\/tr><tr><td>2014<\/td><td>Sekoja<\/td><td>Fixit<\/td><td>Hello My Name is<\/td><\/tr><tr><td><\/td><td>Evenmore<\/td><td>Belly Noise<\/td><td><\/td><\/tr><tr><td>2013<\/td><td>Black Lemons<\/td><td>Stealy<\/td><td>Meltdown<\/td><\/tr><tr><td><\/td><td>The Maybees<\/td><td>Palmers<\/td><td>South Gate<\/td><\/tr><tr><td>2012<\/td><td>Jackpot<\/td><td>Vultures<\/td><td>Cosmic<\/td><\/tr><tr><td><\/td><td>The Stairz<\/td><td>The Septiz<\/td><td>Barbie Sailers<\/td><\/tr><tr><td>2011<\/td><td>Atelier C Art<\/td><td><\/td><td><\/td><\/tr><tr><td><\/td><td>The Matts<\/td><td>Antipods<\/td><td>Neon Rouge<\/td><\/tr><tr><td><\/td><td>Jack&rsquo;s Back<\/td><td>Sam Franck Blunier<\/td><td>The Jamborines<\/td><\/tr><tr><td>2010<\/td><td>Key&rsquo;s Tone<\/td><td>Cyphery<\/td><td>No Sun in San Francisco<\/td><\/tr><tr><td><\/td><td>Bikini Top<\/td><td>Alienor<\/td><td>March<\/td><\/tr><tr><td>2009<\/td><td>Royal Flush<\/td><td>The Tanners<\/td><td>Xtract Sophoriphy<\/td><\/tr><tr><td><\/td><td>Dragitrips<\/td><td>Little Joe<\/td><td>Ass of Spades<\/td><\/tr><tr><td>2008<\/td><td>Connection<\/td><td>Magister Dixit<\/td><td>Velvet Shade<\/td><\/tr><tr><td><\/td><td>Redlit Sky<\/td><td>An Com<\/td><td>Kle3n<\/td><\/tr><tr><td>2007<\/td><td>Ajar<\/td><td>Treeger<\/td><td>Minkus<\/td><\/tr><tr><td><\/td><td>GraveStones<\/td><td>Purple Extasy<\/td><td>Hayfever<\/td><\/tr><tr><td>2006<\/td><td>Sinless<\/td><td>P.M.T<\/td><td>Colveen<\/td><\/tr><tr><td><\/td><td>MXD<\/td><td>WTC<\/td><td>Kif-Kif<\/td><\/tr><tr><td>2005<\/td><td>FMR<\/td><td>Vertigo<\/td><td>Downless<\/td><\/tr><tr><td><\/td><td>Jalan<\/td><td>Lapsus<\/td><td>Huge Puppies<\/td><\/tr><tr><td>2004<\/td><td>Azgard<\/td><td>Nabokoff<\/td><td>Lithobia<\/td><\/tr><tr><td><\/td><td>Grand Bastard Deluxe<\/td><td>Tryptik<\/td><td>Cauliflowers<\/td><\/tr><tr><td>2003<\/td><td>Diskord<\/td><td>Brakass<\/td><td>Safety Catch<\/td><\/tr><tr><td><\/td><td>Trade<\/td><td>Grimind<\/td><td>Redback<\/td><\/tr><tr><td>2002<\/td><td>Desiderata<\/td><td>Varedero<\/td><td>Dalagan<\/td><\/tr><tr><td><\/td><td>Watykan<\/td><td>Fishbrain<\/td><td>Nata<\/td><\/tr><tr><td>2001<\/td><td>Dusty<\/td><td>Honey for Petzi<\/td><td>With You<\/td><\/tr><tr><td><\/td><td>Overalls<\/td><td>Dash<\/td><td>Favez<\/td><\/tr><tr><td><\/td><td>Sam Frank<\/td><td><\/td><td><\/td><\/tr><tr><td>2000<\/td><td>Sly<\/td><td>Titus de Zoo<\/td><td>The Crowns<\/td><\/tr><tr><td><\/td><td>Mama G<\/td><td>Keen Kerbs<\/td><td>Trade<\/td><\/tr><tr><td><\/td><td>In Between<\/td><td><\/td><td><\/td><\/tr><tr><td>1999<\/td><td>Les Tournesots<\/td><td>Pidemadea<\/td><td>Grimind<\/td><\/tr><tr><td><\/td><td>Pao<\/td><td>Sweet Meat Beaters<\/td><td>The Other Voices<\/td><\/tr><tr><td><\/td><td>D\u00e9gueulis Ferment\u00e9<\/td><td><\/td><td><\/td><\/tr><tr><td>1998<\/td><td>Ever (ex James Station)<\/td><td>Thanks Sean<\/td><td>Myphen<\/td><\/tr><tr><td><\/td><td>Toboggan<\/td><td>La Sphaigne<\/td><td>Subsonic Family<\/td><\/tr><tr><td><\/td><td>Left for Dead<\/td><td><\/td><td><\/td><\/tr><tr><td>1997<\/td><td>H.II.SO.IV<\/td><td>Twisted<\/td><td>Ness<\/td><\/tr><tr><td><\/td><td>P.M.T.<\/td><td>Pink Hellephant<\/td><td>Batty Birds<\/td><\/tr><tr><td><\/td><td>Fuzz<\/td><td><\/td><td><\/td><\/tr><tr><td>1996<\/td><td>Urbah<\/td><td>Missing Link<\/td><td>Brother of Creation<\/td><\/tr><tr><td><\/td><td>Free Cheese for All<\/td><td>Honey for Petzi<\/td><td>Champignon!<\/td><\/tr><tr><td><\/td><td>P\u00e9ril dans la Place<\/td><td><\/td><td><\/td><\/tr><tr><td>1995<\/td><td>Jailbird<\/td><td>Mind Gap<\/td><td>Parazit<\/td><\/tr><tr><td><\/td><td>Honey for Petzi<\/td><td>Rise Up<\/td><td>Ma&rsquo;Dalton&rsquo;s<\/td><\/tr><tr><td><\/td><td>Inna<\/td><td><\/td><td><\/td><\/tr><tr><td>1994<\/td><td>Mille Dix<\/td><td>D.P.<\/td><td>Scumbag<\/td><\/tr><tr><td><\/td><td>Averses de Soleil<\/td><td>Petits Boss<\/td><td>Skyscraper<\/td><\/tr><tr><td><\/td><td>DJ King Trouble<\/td><td>Inside Marilyn<\/td><td>Diancandor<\/td><\/tr><tr><td>1993<\/td><td>The Gang<\/td><td>Living Sons<\/td><td>Favez Disciples<\/td><\/tr><tr><td><\/td><td>Bad Little Duck<\/td><td>Viva la Muerte<\/td><td>Mind Gap<\/td><\/tr><tr><td>1992<\/td><td>Release<\/td><td>Imish Rose<\/td><td>Quartier Latin<\/td><\/tr><tr><td><\/td><td>Nuclear Mutants<\/td><td><\/td><td><\/td><\/tr><tr><td>1991<\/td><td>Dreamunalia<\/td><td>5 minutes Pleasures<\/td><td>Mad Whispers<\/td><\/tr><tr><td><\/td><td>Free Cheese For All<\/td><td><\/td><td><\/td><\/tr><tr><td>1990 R\u00e9gional Hard Rock<\/td><td>Overload<\/td><td>Keen Act<\/td><td>Brainstorm<\/td><\/tr><tr><td>1990<\/td><td>The Gang<\/td><td>Karl Specht<\/td><td>Sam Frank<\/td><\/tr><tr><td><\/td><td>Quartier Interdit<\/td><td>Avenue Foch<\/td><td>Taboo<\/td><\/tr><tr><td>1989<\/td><td>Akor Perdu<\/td><td>Lawman<\/td><td>Obsessive Faith<\/td><\/tr><tr><td><\/td><td>Nomadis<\/td><td><\/td><td><\/td><\/tr><tr><td>1988<\/td><td>Trash<\/td><td>Sanday Drivers<\/td><td>Dorian Gray<\/td><\/tr><tr><td><\/td><td>Van Gogh<\/td><td><\/td><td><\/td><\/tr><tr><td>1987<\/td><td>Abri 45<\/td><td>Hands Up<\/td><td>Norma Jean Baker<\/td><\/tr><tr><td><\/td><td>Big Party<\/td><td><\/td><td><\/td><\/tr><tr><td>1986<\/td><td>Un Certain Spleen<\/td><td>Coeur<\/td><td>New Listening Process<\/td><\/tr><tr><td><\/td><td>Patrick Lambert<\/td><td>Sauf-Conduit<\/td><td>Transit<\/td><\/tr><tr><td>1985<\/td><td>Breeze<\/td><td>Alexis Washington<\/td><td>Still Willing<\/td><\/tr><tr><td><\/td><td>Irratics<\/td><td>44 Acc\u00e9l\u00e9r\u00e9<\/td><td>Cosa Nostra<\/td><\/tr><tr><td><\/td><td>Cadavre Exquis<\/td><td><\/td><td><\/td><\/tr><tr><td>1984<\/td><td>Bootlegs<\/td><td>The Sign<\/td><td>Quartier Interdit<\/td><\/tr><tr><td><\/td><td>Arrow Head<\/td><td>Miss Takes<\/td><td>Sex Diktat\u00fcr<\/td><\/tr><tr><td><\/td><td>Smirnoff<\/td><td><\/td><td><\/td><\/tr><tr><td>1983<\/td><td>S.M.O.G.<\/td><td>Gad<\/td><td>CQFD<\/td><\/tr><tr><td><\/td><td>Yes-Men<\/td><td>Vouzenou<\/td><td>Cocktail<\/td><\/tr><tr><td><\/td><td>Cornet Plastic<\/td><td>Voyeur<\/td><td>Snob&rsquo;s<\/td><\/tr><tr><td>1982<\/td><td>Coke en Stock<\/td><td>Ambre<\/td><td>Maladie Honteuse<\/td><\/tr><tr><td><\/td><td>IXTL<\/td><td>Tenter-Hook<\/td><td>Brise-Glace<\/td><\/tr><tr><td><\/td><td>S P\u00e8re &amp; Fix<\/td><td>Flash Cartoon<\/td><td><\/td><\/tr><tr><td>1981<\/td><td>Jannis<\/td><td>Empire<\/td><td>Prysm<\/td><\/tr><tr><td><\/td><td>Rock Farmers Band<\/td><td>Sam \/ Long Silence<\/td><td>Erebus<\/td><\/tr><tr><td><\/td><td>HLM<\/td><td><\/td><td>&nbsp;<\/td><\/tr><\/tbody><\/table><\/figure>\n","protected":false},"excerpt":{"rendered":"<p>Tous Tous les groupes 2024 Amel M\u00e9t\u00e9ore Collectif 90k Tomorrow&rsquo;s Ghost Hypsign Don&rsquo;t Kill the cow 2023 Big Garden Nuum Karnoze Katavia Sandokai Gab Scraper 2022 Archilo Peacbones The Dead Leaves Midnight One Licking Rainbows Parsimony 2021 Marie Jay Trio Reverse Moutain Sinai Planum L\u00ebon <span class=\"read-more\"><a class=\"more-link btn btn-transparent\" href=\"https:\/\/www.regionalrock.ch\/index.php\/programmation-2024\/programmation-depuis-1981\/\">Read More &#8230;<\/a><\/span><\/p>\n","protected":false},"author":1,"featured_media":0,"parent":269,"menu_order":2,"comment_status":"closed","ping_status":"closed","template":"","meta":{"jetpack_post_was_ever_published":false,"footnotes":""},"class_list":["post-24","page","type-page","status-publish","hentry"],"jetpack_sharing_enabled":true,"jetpack_shortlink":"https:\/\/wp.me\/P8H9R3-o","_links":{"self":[{"href":"https:\/\/www.regionalrock.ch\/index.php\/wp-json\/wp\/v2\/pages\/24","targetHints":{"allow":["GET"]}}],"collection":[{"href":"https:\/\/www.regionalrock.ch\/index.php\/wp-json\/wp\/v2\/pages"}],"about":[{"href":"https:\/\/www.regionalrock.ch\/index.php\/wp-json\/wp\/v2\/types\/page"}],"author":[{"embeddable":true,"href":"https:\/\/www.regionalrock.ch\/index.php\/wp-json\/wp\/v2\/users\/1"}],"replies":[{"embeddable":true,"href":"https:\/\/www.regionalrock.ch\/index.php\/wp-json\/wp\/v2\/comments?post=24"}],"version-history":[{"count":20,"href":"https:\/\/www.regionalrock.ch\/index.php\/wp-json\/wp\/v2\/pages\/24\/revisions"}],"predecessor-version":[{"id":989,"href":"https:\/\/www.regionalrock.ch\/index.php\/wp-json\/wp\/v2\/pages\/24\/revisions\/989"}],"up":[{"embeddable":true,"href":"https:\/\/www.regionalrock.ch\/index.php\/wp-json\/wp\/v2\/pages\/269"}],"wp:attachment":[{"href":"https:\/\/www.regionalrock.ch\/index.php\/wp-json\/wp\/v2\/media?parent=24"}],"curies":[{"name":"wp","href":"https:\/\/api.w.org\/{rel}","templated":true}]}}