{"id":16,"date":"2017-01-20T16:38:06","date_gmt":"2017-01-20T15:38:06","guid":{"rendered":"http:\/\/www.regionalrock.ch\/?page_id=16"},"modified":"2025-10-17T14:57:02","modified_gmt":"2025-10-17T12:57:02","slug":"organisation-staff","status":"publish","type":"page","link":"https:\/\/www.regionalrock.ch\/index.php\/organisation-staff\/","title":{"rendered":"L&rsquo;\u00e9quipe"},"content":{"rendered":"<div class=\"csc-header csc-header-n1\">Staff<\/div>\n<p class=\"bodytext\"><a href=\"staff@regionalrock.ch\"><b>Jo\u00eblle Wagni\u00e8res<\/b><\/a>, animatrice socioculturelle au Centre socioculturel de Grand-Vennes.<\/p>\n<p class=\"bodytext\"><b><a href=\"prog@regionalrock.ch\">David Agocs<\/a><\/b>, animateur socioculturel \u00e0 la Maison de Quartier du D\u00e9sert: programmation.<\/p>\n<p><span style=\"color: #3366ff;\"><strong>Julie + Lo\u00efc<\/strong><\/span>: responsables staff<\/p>\n<p class=\"bodytext\"><a href=\"http:\/\/zegreg.ch\"><b>Gr\u00e9g + Kali <\/b><\/a>: site internet, photos<\/p>\n<p class=\"bodytext\"><b>Denis Gaillard<\/b>, Megasound sonorisation: r\u00e9gie son<\/p>\n<p class=\"bodytext\"><b>Staff:<\/b> animatrices et animateurs du lieu d&rsquo;accueil ainsi que des b\u00e9n\u00e9voles issus des centres<\/p>\n","protected":false},"excerpt":{"rendered":"<p>Staff Jo\u00eblle Wagni\u00e8res, animatrice socioculturelle au Centre socioculturel de Grand-Vennes. David Agocs, animateur socioculturel \u00e0 la Maison de Quartier du D\u00e9sert: programmation. Julie + Lo\u00efc: responsables staff Gr\u00e9g + Kali : site internet, photos Denis Gaillard, Megasound sonorisation: r\u00e9gie son Staff: animatrices et animateurs du <span class=\"read-more\"><a class=\"more-link btn btn-transparent\" href=\"https:\/\/www.regionalrock.ch\/index.php\/organisation-staff\/\">Read More &#8230;<\/a><\/span><\/p>\n","protected":false},"author":1,"featured_media":0,"parent":0,"menu_order":0,"comment_status":"closed","ping_status":"closed","template":"","meta":{"jetpack_post_was_ever_published":false,"footnotes":""},"class_list":["post-16","page","type-page","status-publish","hentry"],"jetpack_sharing_enabled":true,"jetpack_shortlink":"https:\/\/wp.me\/P8H9R3-g","_links":{"self":[{"href":"https:\/\/www.regionalrock.ch\/index.php\/wp-json\/wp\/v2\/pages\/16","targetHints":{"allow":["GET"]}}],"collection":[{"href":"https:\/\/www.regionalrock.ch\/index.php\/wp-json\/wp\/v2\/pages"}],"about":[{"href":"https:\/\/www.regionalrock.ch\/index.php\/wp-json\/wp\/v2\/types\/page"}],"author":[{"embeddable":true,"href":"https:\/\/www.regionalrock.ch\/index.php\/wp-json\/wp\/v2\/users\/1"}],"replies":[{"embeddable":true,"href":"https:\/\/www.regionalrock.ch\/index.php\/wp-json\/wp\/v2\/comments?post=16"}],"version-history":[{"count":10,"href":"https:\/\/www.regionalrock.ch\/index.php\/wp-json\/wp\/v2\/pages\/16\/revisions"}],"predecessor-version":[{"id":982,"href":"https:\/\/www.regionalrock.ch\/index.php\/wp-json\/wp\/v2\/pages\/16\/revisions\/982"}],"wp:attachment":[{"href":"https:\/\/www.regionalrock.ch\/index.php\/wp-json\/wp\/v2\/media?parent=16"}],"curies":[{"name":"wp","href":"https:\/\/api.w.org\/{rel}","templated":true}]}}